{"id":5,"date":"2025-05-21T11:24:41","date_gmt":"2025-05-21T09:24:41","guid":{"rendered":"https:\/\/safranek.eu\/wordpress\/?page_id=5"},"modified":"2025-05-25T17:30:59","modified_gmt":"2025-05-25T15:30:59","slug":"uvod","status":"publish","type":"page","link":"https:\/\/safranek.eu\/wordpress\/","title":{"rendered":"\u00daVOD"},"content":{"rendered":"\r\n<p>Pokus o prezentaci zprovozn\u011bn\u00ed webov\u00fdch str\u00e1nek v redak\u010dn\u00edm syst\u00e9mu WordPress, nastaven\u00ed NAS Synology, QTEC, \u00a0a tak v\u0161e mo\u017en\u00e9 z oblasti IT<\/p>\r\n","protected":false},"excerpt":{"rendered":"<p>Pokus o prezentaci zprovozn\u011bn\u00ed webov\u00fdch str\u00e1nek v redak\u010dn\u00edm syst\u00e9mu WordPress, nastaven\u00ed NAS Synology, QTEC, \u00a0a tak v\u0161e mo\u017en\u00e9 z oblasti IT<\/p>\n","protected":false},"author":1,"featured_media":0,"parent":0,"menu_order":0,"comment_status":"closed","ping_status":"closed","template":"","meta":[],"_links":{"self":[{"href":"https:\/\/safranek.eu\/wordpress\/index.php\/wp-json\/wp\/v2\/pages\/5"}],"collection":[{"href":"https:\/\/safranek.eu\/wordpress\/index.php\/wp-json\/wp\/v2\/pages"}],"about":[{"href":"https:\/\/safranek.eu\/wordpress\/index.php\/wp-json\/wp\/v2\/types\/page"}],"author":[{"embeddable":true,"href":"https:\/\/safranek.eu\/wordpress\/index.php\/wp-json\/wp\/v2\/users\/1"}],"replies":[{"embeddable":true,"href":"https:\/\/safranek.eu\/wordpress\/index.php\/wp-json\/wp\/v2\/comments?post=5"}],"version-history":[{"count":1,"href":"https:\/\/safranek.eu\/wordpress\/index.php\/wp-json\/wp\/v2\/pages\/5\/revisions"}],"predecessor-version":[{"id":6,"href":"https:\/\/safranek.eu\/wordpress\/index.php\/wp-json\/wp\/v2\/pages\/5\/revisions\/6"}],"wp:attachment":[{"href":"https:\/\/safranek.eu\/wordpress\/index.php\/wp-json\/wp\/v2\/media?parent=5"}],"curies":[{"name":"wp","href":"https:\/\/api.w.org\/{rel}","templated":true}]}}