{"id":36,"date":"2025-05-26T12:03:55","date_gmt":"2025-05-26T10:03:55","guid":{"rendered":"http:\/\/safranek.eu\/wordpress\/?page_id=36"},"modified":"2025-05-26T12:03:55","modified_gmt":"2025-05-26T10:03:55","slug":"nas","status":"publish","type":"page","link":"https:\/\/safranek.eu\/wordpress\/index.php\/nas\/","title":{"rendered":"NAS"},"content":{"rendered":"<p>Zde jsou uvedeny op\u011bt takov\u00e9 obecn\u00e9 post\u0159ehy, kdy byl n\u011bjak\u00fd probl\u00e9m se SYNOLOGY ev s QTEC<\/p>\n","protected":false},"excerpt":{"rendered":"<p>Zde jsou uvedeny op\u011bt takov\u00e9 obecn\u00e9 post\u0159ehy, kdy byl n\u011bjak\u00fd probl\u00e9m se SYNOLOGY ev s QTEC<\/p>\n","protected":false},"author":1,"featured_media":0,"parent":0,"menu_order":0,"comment_status":"closed","ping_status":"closed","template":"","meta":[],"_links":{"self":[{"href":"https:\/\/safranek.eu\/wordpress\/index.php\/wp-json\/wp\/v2\/pages\/36"}],"collection":[{"href":"https:\/\/safranek.eu\/wordpress\/index.php\/wp-json\/wp\/v2\/pages"}],"about":[{"href":"https:\/\/safranek.eu\/wordpress\/index.php\/wp-json\/wp\/v2\/types\/page"}],"author":[{"embeddable":true,"href":"https:\/\/safranek.eu\/wordpress\/index.php\/wp-json\/wp\/v2\/users\/1"}],"replies":[{"embeddable":true,"href":"https:\/\/safranek.eu\/wordpress\/index.php\/wp-json\/wp\/v2\/comments?post=36"}],"version-history":[{"count":1,"href":"https:\/\/safranek.eu\/wordpress\/index.php\/wp-json\/wp\/v2\/pages\/36\/revisions"}],"predecessor-version":[{"id":37,"href":"https:\/\/safranek.eu\/wordpress\/index.php\/wp-json\/wp\/v2\/pages\/36\/revisions\/37"}],"wp:attachment":[{"href":"https:\/\/safranek.eu\/wordpress\/index.php\/wp-json\/wp\/v2\/media?parent=36"}],"curies":[{"name":"wp","href":"https:\/\/api.w.org\/{rel}","templated":true}]}}