{"id":16,"date":"2025-05-25T16:41:51","date_gmt":"2025-05-25T14:41:51","guid":{"rendered":"https:\/\/safranek.eu\/wordpress\/?page_id=16"},"modified":"2026-03-13T11:40:41","modified_gmt":"2026-03-13T10:40:41","slug":"website","status":"publish","type":"page","link":"https:\/\/safranek.eu\/wordpress\/index.php\/web\/website\/","title":{"rendered":"-WebSite"},"content":{"rendered":"<p>Op\u011bt pouze z\u00e1kladn\u00ed post\u0159ehy s tvorbou str\u00e1nek v tomto redak\u010dn\u00edm syst\u00e9mu<\/p>\n","protected":false},"excerpt":{"rendered":"<p>Op\u011bt pouze z\u00e1kladn\u00ed post\u0159ehy s tvorbou str\u00e1nek v tomto redak\u010dn\u00edm syst\u00e9mu<\/p>\n","protected":false},"author":1,"featured_media":0,"parent":12,"menu_order":0,"comment_status":"closed","ping_status":"closed","template":"","meta":[],"_links":{"self":[{"href":"https:\/\/safranek.eu\/wordpress\/index.php\/wp-json\/wp\/v2\/pages\/16"}],"collection":[{"href":"https:\/\/safranek.eu\/wordpress\/index.php\/wp-json\/wp\/v2\/pages"}],"about":[{"href":"https:\/\/safranek.eu\/wordpress\/index.php\/wp-json\/wp\/v2\/types\/page"}],"author":[{"embeddable":true,"href":"https:\/\/safranek.eu\/wordpress\/index.php\/wp-json\/wp\/v2\/users\/1"}],"replies":[{"embeddable":true,"href":"https:\/\/safranek.eu\/wordpress\/index.php\/wp-json\/wp\/v2\/comments?post=16"}],"version-history":[{"count":3,"href":"https:\/\/safranek.eu\/wordpress\/index.php\/wp-json\/wp\/v2\/pages\/16\/revisions"}],"predecessor-version":[{"id":49,"href":"https:\/\/safranek.eu\/wordpress\/index.php\/wp-json\/wp\/v2\/pages\/16\/revisions\/49"}],"up":[{"embeddable":true,"href":"https:\/\/safranek.eu\/wordpress\/index.php\/wp-json\/wp\/v2\/pages\/12"}],"wp:attachment":[{"href":"https:\/\/safranek.eu\/wordpress\/index.php\/wp-json\/wp\/v2\/media?parent=16"}],"curies":[{"name":"wp","href":"https:\/\/api.w.org\/{rel}","templated":true}]}}