{"id":12,"date":"2025-05-25T16:40:43","date_gmt":"2025-05-25T14:40:43","guid":{"rendered":"https:\/\/safranek.eu\/wordpress\/?page_id=12"},"modified":"2025-05-25T16:40:43","modified_gmt":"2025-05-25T14:40:43","slug":"web","status":"publish","type":"page","link":"https:\/\/safranek.eu\/wordpress\/index.php\/web\/","title":{"rendered":"Web"},"content":{"rendered":"<p>Zde jsou uvedeny takov\u00e9 obecn\u00e9 post\u0159ehy, kdy byl n\u011bjak\u00fd probl\u00e9m a \u0159e\u0161en\u00ed (v dan\u00e9 chv\u00edli)\u00a0 v nedohlednu.<\/p>\n","protected":false},"excerpt":{"rendered":"<p>Zde jsou uvedeny takov\u00e9 obecn\u00e9 post\u0159ehy, kdy byl n\u011bjak\u00fd probl\u00e9m a \u0159e\u0161en\u00ed (v dan\u00e9 chv\u00edli)\u00a0 v nedohlednu.<\/p>\n","protected":false},"author":1,"featured_media":0,"parent":0,"menu_order":0,"comment_status":"closed","ping_status":"closed","template":"","meta":[],"_links":{"self":[{"href":"https:\/\/safranek.eu\/wordpress\/index.php\/wp-json\/wp\/v2\/pages\/12"}],"collection":[{"href":"https:\/\/safranek.eu\/wordpress\/index.php\/wp-json\/wp\/v2\/pages"}],"about":[{"href":"https:\/\/safranek.eu\/wordpress\/index.php\/wp-json\/wp\/v2\/types\/page"}],"author":[{"embeddable":true,"href":"https:\/\/safranek.eu\/wordpress\/index.php\/wp-json\/wp\/v2\/users\/1"}],"replies":[{"embeddable":true,"href":"https:\/\/safranek.eu\/wordpress\/index.php\/wp-json\/wp\/v2\/comments?post=12"}],"version-history":[{"count":1,"href":"https:\/\/safranek.eu\/wordpress\/index.php\/wp-json\/wp\/v2\/pages\/12\/revisions"}],"predecessor-version":[{"id":13,"href":"https:\/\/safranek.eu\/wordpress\/index.php\/wp-json\/wp\/v2\/pages\/12\/revisions\/13"}],"wp:attachment":[{"href":"https:\/\/safranek.eu\/wordpress\/index.php\/wp-json\/wp\/v2\/media?parent=12"}],"curies":[{"name":"wp","href":"https:\/\/api.w.org\/{rel}","templated":true}]}}